{"id":1291,"date":"2025-03-30T10:46:28","date_gmt":"2025-03-30T08:46:28","guid":{"rendered":"https:\/\/tmv-spital.at\/?page_id=1291"},"modified":"2025-03-30T10:49:23","modified_gmt":"2025-03-30T08:49:23","slug":"musikalische-leitung","status":"publish","type":"page","link":"https:\/\/tmv-spital.at\/?page_id=1291","title":{"rendered":"Musikalische Leitung"},"content":{"rendered":"\n<h2>Musikalische Leitung<\/h2>\n\n\n\n<p><\/p>\n\n\n\n<p>Mit den Neuwahlen 2025 haben wir auch unser musikalisches Oberhaupt neu gew\u00e4hlt &#8211; Martin Ruschitzka wurde offiziell zum Kapellmeister des TMV. Damit er sich optimal in diese Rolle einleben kann, wurde als \u00dcbergangsl\u00f6sung eine musikalische Leitung von zwei Personen ins Leben gerufen. Ulli Schmid und Martin sind f\u00fcr die n\u00e4chsten drei Jahre unser Dreamteam, wenn es um die musikalische Leitung des Vereins geht und sie stellen sich gemeinsam den Aufgaben und Herausforderungen rund um unsere Konzerte und Ausr\u00fcckungen. Auch die Probenarbeit wird von den beiden gemeinsam organisiert. Die Musikerinnen und Musiker k\u00f6nnen vom breitgef\u00e4cherten musikalischen Know-How der beiden profitieren und bl\u00fchen bei den Probenarbeiten zu H\u00f6chstformen auf.<\/p>\n\n\n\n<p>       &#8230; und eine Gaude ist es mit den beiden auch alle Mal. \ud83d\ude42<\/p>\n\n\n\n<div class=\"wp-block-image\"><figure class=\"aligncenter size-large is-resized\"><img loading=\"lazy\" src=\"https:\/\/tmv-spital.at\/wp-content\/uploads\/2025\/03\/Spital-Trachtenmusikverein-picphias-55-1-1024x681.jpg\" alt=\"\" class=\"wp-image-1293\" width=\"488\" height=\"324\" srcset=\"https:\/\/tmv-spital.at\/wp-content\/uploads\/2025\/03\/Spital-Trachtenmusikverein-picphias-55-1-1024x681.jpg 1024w, https:\/\/tmv-spital.at\/wp-content\/uploads\/2025\/03\/Spital-Trachtenmusikverein-picphias-55-1-300x200.jpg 300w, https:\/\/tmv-spital.at\/wp-content\/uploads\/2025\/03\/Spital-Trachtenmusikverein-picphias-55-1-768x511.jpg 768w, https:\/\/tmv-spital.at\/wp-content\/uploads\/2025\/03\/Spital-Trachtenmusikverein-picphias-55-1-1536x1022.jpg 1536w, https:\/\/tmv-spital.at\/wp-content\/uploads\/2025\/03\/Spital-Trachtenmusikverein-picphias-55-1-2048x1362.jpg 2048w, https:\/\/tmv-spital.at\/wp-content\/uploads\/2025\/03\/Spital-Trachtenmusikverein-picphias-55-1-259x172.jpg 259w\" sizes=\"(max-width: 488px) 100vw, 488px\" \/><\/figure><\/div>\n","protected":false},"excerpt":{"rendered":"<p>Musikalische Leitung Mit den Neuwahlen 2025 haben wir auch unser musikalisches Oberhaupt neu gew\u00e4hlt &#8211; Martin Ruschitzka wurde offiziell zum Kapellmeister des TMV. Damit er &hellip;<\/p>\n","protected":false},"author":1,"featured_media":0,"parent":0,"menu_order":0,"comment_status":"closed","ping_status":"closed","template":"","meta":[],"_links":{"self":[{"href":"https:\/\/tmv-spital.at\/index.php?rest_route=\/wp\/v2\/pages\/1291"}],"collection":[{"href":"https:\/\/tmv-spital.at\/index.php?rest_route=\/wp\/v2\/pages"}],"about":[{"href":"https:\/\/tmv-spital.at\/index.php?rest_route=\/wp\/v2\/types\/page"}],"author":[{"embeddable":true,"href":"https:\/\/tmv-spital.at\/index.php?rest_route=\/wp\/v2\/users\/1"}],"replies":[{"embeddable":true,"href":"https:\/\/tmv-spital.at\/index.php?rest_route=%2Fwp%2Fv2%2Fcomments&post=1291"}],"version-history":[{"count":5,"href":"https:\/\/tmv-spital.at\/index.php?rest_route=\/wp\/v2\/pages\/1291\/revisions"}],"predecessor-version":[{"id":1299,"href":"https:\/\/tmv-spital.at\/index.php?rest_route=\/wp\/v2\/pages\/1291\/revisions\/1299"}],"wp:attachment":[{"href":"https:\/\/tmv-spital.at\/index.php?rest_route=%2Fwp%2Fv2%2Fmedia&parent=1291"}],"curies":[{"name":"wp","href":"https:\/\/api.w.org\/{rel}","templated":true}]}}