{"id":187,"date":"2021-07-29T01:05:28","date_gmt":"2021-07-28T23:05:28","guid":{"rendered":"http:\/\/xn--hannis-brtchen-3pb.at\/?page_id=187"},"modified":"2025-02-09T10:20:19","modified_gmt":"2025-02-09T09:20:19","slug":"weissenbacher-gabi","status":"publish","type":"page","link":"https:\/\/tmv-spital.at\/?page_id=187","title":{"rendered":"Weissenbacher Gabi"},"content":{"rendered":"<h1 class=\"wp-block-post-title\">Weissenbacher Gabi<\/h1>\n\n\n<p>seit 1982 beim TMV<\/p>\n\n\n\n<p class=\"has-large-font-size\"><strong>Klarinette<\/strong><\/p>\n\n\n\n<div class=\"wp-block-columns\">\n<div class=\"wp-block-column\" style=\"flex-basis:66.66%\">\n<p class=\"has-text-align-center\">&#8222;Ohne Musik w\u00e4re das Leben ein Irrtum.&#8220;<\/p>\n\n\n\n<p class=\"has-text-align-right\">Friedrich Nietzsche<\/p>\n\n\n\n<p>Einmal in der Woche f\u00fcr zwei Stunden hei\u00dft es f\u00fcr unsere Gabi &#8222;nur ich, mein Instrument und die Musik&#8220;. F\u00fcr sie h\u00e4lt das den Geist und den K\u00f6rper gesund. Dazu geh\u00f6rt nat\u00fcrlich auch das anschlie\u00dfende gesellige Zusammensein mit den Kolleg*innen. <\/p>\n<\/div>\n\n\n\n<div class=\"wp-block-column\" style=\"flex-basis:33.33%\">\n<div class=\"wp-block-image\"><figure class=\"aligncenter size-large is-resized\"><img loading=\"lazy\" src=\"https:\/\/tmv-spital.at\/wp-content\/uploads\/2025\/02\/Spital-Trachtenmusikverein-picphias-6-681x1024.jpg\" alt=\"\" class=\"wp-image-1182\" width=\"180\" height=\"268\"\/><\/figure><\/div>\n<\/div>\n<\/div>\n\n\n\n<p><\/p>\n","protected":false},"excerpt":{"rendered":"<p>seit 1982 beim TMV Klarinette &#8222;Ohne Musik w\u00e4re das Leben ein Irrtum.&#8220; Friedrich Nietzsche Einmal in der Woche f\u00fcr zwei Stunden hei\u00dft es f\u00fcr unsere &hellip;<\/p>\n","protected":false},"author":1,"featured_media":0,"parent":75,"menu_order":0,"comment_status":"closed","ping_status":"closed","template":"","meta":[],"_links":{"self":[{"href":"https:\/\/tmv-spital.at\/index.php?rest_route=\/wp\/v2\/pages\/187"}],"collection":[{"href":"https:\/\/tmv-spital.at\/index.php?rest_route=\/wp\/v2\/pages"}],"about":[{"href":"https:\/\/tmv-spital.at\/index.php?rest_route=\/wp\/v2\/types\/page"}],"author":[{"embeddable":true,"href":"https:\/\/tmv-spital.at\/index.php?rest_route=\/wp\/v2\/users\/1"}],"replies":[{"embeddable":true,"href":"https:\/\/tmv-spital.at\/index.php?rest_route=%2Fwp%2Fv2%2Fcomments&post=187"}],"version-history":[{"count":4,"href":"https:\/\/tmv-spital.at\/index.php?rest_route=\/wp\/v2\/pages\/187\/revisions"}],"predecessor-version":[{"id":1184,"href":"https:\/\/tmv-spital.at\/index.php?rest_route=\/wp\/v2\/pages\/187\/revisions\/1184"}],"up":[{"embeddable":true,"href":"https:\/\/tmv-spital.at\/index.php?rest_route=\/wp\/v2\/pages\/75"}],"wp:attachment":[{"href":"https:\/\/tmv-spital.at\/index.php?rest_route=%2Fwp%2Fv2%2Fmedia&parent=187"}],"curies":[{"name":"wp","href":"https:\/\/api.w.org\/{rel}","templated":true}]}}