{"id":210,"date":"2021-07-29T01:14:52","date_gmt":"2021-07-28T23:14:52","guid":{"rendered":"http:\/\/xn--hannis-brtchen-3pb.at\/?page_id=210"},"modified":"2025-02-09T10:25:08","modified_gmt":"2025-02-09T09:25:08","slug":"filzwieser-julia","status":"publish","type":"page","link":"https:\/\/tmv-spital.at\/?page_id=210","title":{"rendered":"Filzwieser Julia"},"content":{"rendered":"<h1 class=\"wp-block-post-title\">Filzwieser Julia<\/h1>\n\n\n<p>seit 2007 beim TMV<\/p>\n\n\n\n<p class=\"has-large-font-size\"><strong>Querfl\u00f6te<\/strong><\/p>\n\n\n\n<div class=\"wp-block-columns\">\n<div class=\"wp-block-column\" style=\"flex-basis:66.66%\">\n<p>Julia hat in k\u00fcrzester Zeit die Querfl\u00f6te erlernt und das bronzene sowie das silberne Leistungsabzeichen absolviert. Sie spielt als zweites Instrument die Gitarre und sie ist die beliebteste Jungwirtin im ganzen Land. Sie arbeitet im elterlichen Berggasthof Friedrichsh\u00fctte, wo sich unsere Musiker gerne hinverirren.<\/p>\n<\/div>\n\n\n\n<div class=\"wp-block-column\" style=\"flex-basis:33.33%\">\n<div class=\"wp-block-image\"><figure class=\"aligncenter size-large is-resized\"><img src=\"https:\/\/tmv-spital.at\/wp-content\/uploads\/2025\/02\/Spital-Trachtenmusikverein-picphias-64-681x1024.jpg\" alt=\"\" class=\"wp-image-1190\" width=\"180\" srcset=\"https:\/\/tmv-spital.at\/wp-content\/uploads\/2025\/02\/Spital-Trachtenmusikverein-picphias-64-681x1024.jpg 681w, https:\/\/tmv-spital.at\/wp-content\/uploads\/2025\/02\/Spital-Trachtenmusikverein-picphias-64-200x300.jpg 200w, https:\/\/tmv-spital.at\/wp-content\/uploads\/2025\/02\/Spital-Trachtenmusikverein-picphias-64-768x1154.jpg 768w, https:\/\/tmv-spital.at\/wp-content\/uploads\/2025\/02\/Spital-Trachtenmusikverein-picphias-64-1022x1536.jpg 1022w, https:\/\/tmv-spital.at\/wp-content\/uploads\/2025\/02\/Spital-Trachtenmusikverein-picphias-64-1363x2048.jpg 1363w, https:\/\/tmv-spital.at\/wp-content\/uploads\/2025\/02\/Spital-Trachtenmusikverein-picphias-64-scaled.jpg 1703w\" sizes=\"(max-width: 681px) 100vw, 681px\" \/><\/figure><\/div>\n<\/div>\n<\/div>\n","protected":false},"excerpt":{"rendered":"<p>seit 2007 beim TMV Querfl\u00f6te Julia hat in k\u00fcrzester Zeit die Querfl\u00f6te erlernt und das bronzene sowie das silberne Leistungsabzeichen absolviert. Sie spielt als zweites &hellip;<\/p>\n","protected":false},"author":1,"featured_media":0,"parent":75,"menu_order":0,"comment_status":"closed","ping_status":"closed","template":"","meta":[],"_links":{"self":[{"href":"https:\/\/tmv-spital.at\/index.php?rest_route=\/wp\/v2\/pages\/210"}],"collection":[{"href":"https:\/\/tmv-spital.at\/index.php?rest_route=\/wp\/v2\/pages"}],"about":[{"href":"https:\/\/tmv-spital.at\/index.php?rest_route=\/wp\/v2\/types\/page"}],"author":[{"embeddable":true,"href":"https:\/\/tmv-spital.at\/index.php?rest_route=\/wp\/v2\/users\/1"}],"replies":[{"embeddable":true,"href":"https:\/\/tmv-spital.at\/index.php?rest_route=%2Fwp%2Fv2%2Fcomments&post=210"}],"version-history":[{"count":2,"href":"https:\/\/tmv-spital.at\/index.php?rest_route=\/wp\/v2\/pages\/210\/revisions"}],"predecessor-version":[{"id":1191,"href":"https:\/\/tmv-spital.at\/index.php?rest_route=\/wp\/v2\/pages\/210\/revisions\/1191"}],"up":[{"embeddable":true,"href":"https:\/\/tmv-spital.at\/index.php?rest_route=\/wp\/v2\/pages\/75"}],"wp:attachment":[{"href":"https:\/\/tmv-spital.at\/index.php?rest_route=%2Fwp%2Fv2%2Fmedia&parent=210"}],"curies":[{"name":"wp","href":"https:\/\/api.w.org\/{rel}","templated":true}]}}