{"id":229,"date":"2021-07-29T01:25:41","date_gmt":"2021-07-28T23:25:41","guid":{"rendered":"http:\/\/xn--hannis-brtchen-3pb.at\/?page_id=229"},"modified":"2025-02-09T10:31:18","modified_gmt":"2025-02-09T09:31:18","slug":"aschenbrenner-anna","status":"publish","type":"page","link":"https:\/\/tmv-spital.at\/?page_id=229","title":{"rendered":"Aschenbrenner Anna"},"content":{"rendered":"<h1 class=\"wp-block-post-title\">Aschenbrenner Anna<\/h1>\n\n\n<p>seit 2014 beim TMV<\/p>\n\n\n\n<p class=\"has-large-font-size\"><strong>Saxophon<\/strong><\/p>\n\n\n\n<div class=\"wp-block-columns\">\n<div class=\"wp-block-column\" style=\"flex-basis:66.66%\">\n<p>&#8222;Gemeinsam Musi spielen und alles um sich herum zumindest f\u00fcr kurze Zeit vergessen k\u00f6nnen&#8220; hei\u00dft es f\u00fcr unsere Anna, wann immer es zu Musikproben oder Ausr\u00fcckungen geht.      Sie zeigt ihr K\u00f6nnen nicht nur bei einigen Soli am Sax, sondern h\u00e4lt Alt und Jung des Vereins durch ihre liebenswerte Art zusammen. Lachanf\u00e4lle sind mit ihr und ihren M\u00e4dls am Saxsatz vorprogrammiert.<\/p>\n<\/div>\n\n\n\n<div class=\"wp-block-column\" style=\"flex-basis:33.33%\">\n<div class=\"wp-block-image\"><figure class=\"aligncenter size-large is-resized\"><img src=\"https:\/\/tmv-spital.at\/wp-content\/uploads\/2025\/02\/Spital-Trachtenmusikverein-picphias-16-681x1024.jpg\" alt=\"\" class=\"wp-image-1195\" width=\"180\" srcset=\"https:\/\/tmv-spital.at\/wp-content\/uploads\/2025\/02\/Spital-Trachtenmusikverein-picphias-16-681x1024.jpg 681w, https:\/\/tmv-spital.at\/wp-content\/uploads\/2025\/02\/Spital-Trachtenmusikverein-picphias-16-200x300.jpg 200w, https:\/\/tmv-spital.at\/wp-content\/uploads\/2025\/02\/Spital-Trachtenmusikverein-picphias-16-768x1154.jpg 768w, https:\/\/tmv-spital.at\/wp-content\/uploads\/2025\/02\/Spital-Trachtenmusikverein-picphias-16-1022x1536.jpg 1022w, https:\/\/tmv-spital.at\/wp-content\/uploads\/2025\/02\/Spital-Trachtenmusikverein-picphias-16-1363x2048.jpg 1363w, https:\/\/tmv-spital.at\/wp-content\/uploads\/2025\/02\/Spital-Trachtenmusikverein-picphias-16-scaled.jpg 1703w\" sizes=\"(max-width: 681px) 100vw, 681px\" \/><\/figure><\/div>\n<\/div>\n<\/div>\n","protected":false},"excerpt":{"rendered":"<p>seit 2014 beim TMV Saxophon &#8222;Gemeinsam Musi spielen und alles um sich herum zumindest f\u00fcr kurze Zeit vergessen k\u00f6nnen&#8220; hei\u00dft es f\u00fcr unsere Anna, wann &hellip;<\/p>\n","protected":false},"author":1,"featured_media":0,"parent":75,"menu_order":0,"comment_status":"closed","ping_status":"closed","template":"","meta":[],"_links":{"self":[{"href":"https:\/\/tmv-spital.at\/index.php?rest_route=\/wp\/v2\/pages\/229"}],"collection":[{"href":"https:\/\/tmv-spital.at\/index.php?rest_route=\/wp\/v2\/pages"}],"about":[{"href":"https:\/\/tmv-spital.at\/index.php?rest_route=\/wp\/v2\/types\/page"}],"author":[{"embeddable":true,"href":"https:\/\/tmv-spital.at\/index.php?rest_route=\/wp\/v2\/users\/1"}],"replies":[{"embeddable":true,"href":"https:\/\/tmv-spital.at\/index.php?rest_route=%2Fwp%2Fv2%2Fcomments&post=229"}],"version-history":[{"count":3,"href":"https:\/\/tmv-spital.at\/index.php?rest_route=\/wp\/v2\/pages\/229\/revisions"}],"predecessor-version":[{"id":1197,"href":"https:\/\/tmv-spital.at\/index.php?rest_route=\/wp\/v2\/pages\/229\/revisions\/1197"}],"up":[{"embeddable":true,"href":"https:\/\/tmv-spital.at\/index.php?rest_route=\/wp\/v2\/pages\/75"}],"wp:attachment":[{"href":"https:\/\/tmv-spital.at\/index.php?rest_route=%2Fwp%2Fv2%2Fmedia&parent=229"}],"curies":[{"name":"wp","href":"https:\/\/api.w.org\/{rel}","templated":true}]}}