{"id":260,"date":"2021-07-29T01:39:29","date_gmt":"2021-07-28T23:39:29","guid":{"rendered":"http:\/\/xn--hannis-brtchen-3pb.at\/?page_id=260"},"modified":"2021-10-23T17:40:29","modified_gmt":"2021-10-23T15:40:29","slug":"fischerlehner-thomas","status":"publish","type":"page","link":"https:\/\/tmv-spital.at\/?page_id=260","title":{"rendered":"Fischerlehner Thomas"},"content":{"rendered":"<h1 class=\"wp-block-post-title\">Fischerlehner Thomas<\/h1>\n\n\n<p>seit 19.. beim TMV<\/p>\n\n\n\n<p class=\"has-large-font-size\"><strong>Fl\u00fcgelhorn<\/strong><\/p>\n\n\n\n<div class=\"wp-block-columns\">\n<div class=\"wp-block-column\" style=\"flex-basis:66.66%\">\n<p>Unser Thomas sorgt nicht nur bei den Proben f\u00fcr eine musikalisch tolle Stimmung, sondern auch beim gem\u00fctlichen Beisammensein wird es mit ihm nie langweilig. Durch seine offene und lustige Art kann es bei den Proben durchaus sein, dass er seine Sitznachbarn mit gewissen Aussagen aus der Konzentration rei\u00dft und sich dadurch so mancher Einsatz um ein paar Takte verz\u00f6gert. <\/p>\n<\/div>\n\n\n\n<div class=\"wp-block-column\" style=\"flex-basis:33.33%\">\n<div class=\"wp-block-image is-style-default\"><figure class=\"aligncenter size-full is-resized\"><img src=\"https:\/\/tmv-spital.at\/wp-content\/uploads\/2021\/07\/Fischerlehner-Thomas.png\" alt=\"\" class=\"wp-image-261\" width=\"150\" srcset=\"https:\/\/tmv-spital.at\/wp-content\/uploads\/2021\/07\/Fischerlehner-Thomas.png 266w, https:\/\/tmv-spital.at\/wp-content\/uploads\/2021\/07\/Fischerlehner-Thomas-200x300.png 200w\" sizes=\"(max-width: 266px) 100vw, 266px\" \/><\/figure><\/div>\n<\/div>\n<\/div>\n","protected":false},"excerpt":{"rendered":"<p>seit 19.. beim TMV Fl\u00fcgelhorn Unser Thomas sorgt nicht nur bei den Proben f\u00fcr eine musikalisch tolle Stimmung, sondern auch beim gem\u00fctlichen Beisammensein wird es &hellip;<\/p>\n","protected":false},"author":1,"featured_media":0,"parent":75,"menu_order":0,"comment_status":"closed","ping_status":"closed","template":"","meta":[],"_links":{"self":[{"href":"https:\/\/tmv-spital.at\/index.php?rest_route=\/wp\/v2\/pages\/260"}],"collection":[{"href":"https:\/\/tmv-spital.at\/index.php?rest_route=\/wp\/v2\/pages"}],"about":[{"href":"https:\/\/tmv-spital.at\/index.php?rest_route=\/wp\/v2\/types\/page"}],"author":[{"embeddable":true,"href":"https:\/\/tmv-spital.at\/index.php?rest_route=\/wp\/v2\/users\/1"}],"replies":[{"embeddable":true,"href":"https:\/\/tmv-spital.at\/index.php?rest_route=%2Fwp%2Fv2%2Fcomments&post=260"}],"version-history":[{"count":2,"href":"https:\/\/tmv-spital.at\/index.php?rest_route=\/wp\/v2\/pages\/260\/revisions"}],"predecessor-version":[{"id":695,"href":"https:\/\/tmv-spital.at\/index.php?rest_route=\/wp\/v2\/pages\/260\/revisions\/695"}],"up":[{"embeddable":true,"href":"https:\/\/tmv-spital.at\/index.php?rest_route=\/wp\/v2\/pages\/75"}],"wp:attachment":[{"href":"https:\/\/tmv-spital.at\/index.php?rest_route=%2Fwp%2Fv2%2Fmedia&parent=260"}],"curies":[{"name":"wp","href":"https:\/\/api.w.org\/{rel}","templated":true}]}}