{"id":292,"date":"2021-07-29T01:54:43","date_gmt":"2021-07-28T23:54:43","guid":{"rendered":"http:\/\/xn--hannis-brtchen-3pb.at\/?page_id=292"},"modified":"2025-02-09T10:46:05","modified_gmt":"2025-02-09T09:46:05","slug":"schmid-anja","status":"publish","type":"page","link":"https:\/\/tmv-spital.at\/?page_id=292","title":{"rendered":"Schmid Anja"},"content":{"rendered":"<h1 class=\"wp-block-post-title\">Schmid Anja<\/h1>\n\n\n<p>seit 2013 beim TMV<\/p>\n\n\n\n<p class=\"has-large-font-size\"><strong>Trompete<\/strong><\/p>\n\n\n\n<div class=\"wp-block-columns\">\n<div class=\"wp-block-column\" style=\"flex-basis:66.66%\">\n<p>Auch wenn unsere Anja privat stark eingebunden ist, findet sie immer noch genug Zeit zu \u00fcben und kann ihr K\u00f6nnen nicht nur bei der gro\u00dfen Kapelle, sondern auch bei den Stuhleckbradlern unter Beweis stellen. Als spitzen Trompeterin ist sie ein wichtiger Teil unseres Trompetensatzes und \u00fcbernimmt so manches Solo mit Leichtigkeit. <\/p>\n<\/div>\n\n\n\n<div class=\"wp-block-column\" style=\"flex-basis:33.33%\">\n<div class=\"wp-block-image\"><figure class=\"aligncenter size-large is-resized\"><img src=\"https:\/\/tmv-spital.at\/wp-content\/uploads\/2025\/02\/Spital-Trachtenmusikverein-picphias-18-681x1024.jpg\" alt=\"\" class=\"wp-image-1214\" width=\"180\" srcset=\"https:\/\/tmv-spital.at\/wp-content\/uploads\/2025\/02\/Spital-Trachtenmusikverein-picphias-18-681x1024.jpg 681w, https:\/\/tmv-spital.at\/wp-content\/uploads\/2025\/02\/Spital-Trachtenmusikverein-picphias-18-200x300.jpg 200w, https:\/\/tmv-spital.at\/wp-content\/uploads\/2025\/02\/Spital-Trachtenmusikverein-picphias-18-768x1154.jpg 768w, https:\/\/tmv-spital.at\/wp-content\/uploads\/2025\/02\/Spital-Trachtenmusikverein-picphias-18-1022x1536.jpg 1022w, https:\/\/tmv-spital.at\/wp-content\/uploads\/2025\/02\/Spital-Trachtenmusikverein-picphias-18-1362x2048.jpg 1362w, https:\/\/tmv-spital.at\/wp-content\/uploads\/2025\/02\/Spital-Trachtenmusikverein-picphias-18-scaled.jpg 1703w\" sizes=\"(max-width: 681px) 100vw, 681px\" \/><\/figure><\/div>\n<\/div>\n<\/div>\n","protected":false},"excerpt":{"rendered":"<p>seit 2013 beim TMV Trompete Auch wenn unsere Anja privat stark eingebunden ist, findet sie immer noch genug Zeit zu \u00fcben und kann ihr K\u00f6nnen &hellip;<\/p>\n","protected":false},"author":1,"featured_media":0,"parent":75,"menu_order":0,"comment_status":"closed","ping_status":"closed","template":"","meta":[],"_links":{"self":[{"href":"https:\/\/tmv-spital.at\/index.php?rest_route=\/wp\/v2\/pages\/292"}],"collection":[{"href":"https:\/\/tmv-spital.at\/index.php?rest_route=\/wp\/v2\/pages"}],"about":[{"href":"https:\/\/tmv-spital.at\/index.php?rest_route=\/wp\/v2\/types\/page"}],"author":[{"embeddable":true,"href":"https:\/\/tmv-spital.at\/index.php?rest_route=\/wp\/v2\/users\/1"}],"replies":[{"embeddable":true,"href":"https:\/\/tmv-spital.at\/index.php?rest_route=%2Fwp%2Fv2%2Fcomments&post=292"}],"version-history":[{"count":6,"href":"https:\/\/tmv-spital.at\/index.php?rest_route=\/wp\/v2\/pages\/292\/revisions"}],"predecessor-version":[{"id":1216,"href":"https:\/\/tmv-spital.at\/index.php?rest_route=\/wp\/v2\/pages\/292\/revisions\/1216"}],"up":[{"embeddable":true,"href":"https:\/\/tmv-spital.at\/index.php?rest_route=\/wp\/v2\/pages\/75"}],"wp:attachment":[{"href":"https:\/\/tmv-spital.at\/index.php?rest_route=%2Fwp%2Fv2%2Fmedia&parent=292"}],"curies":[{"name":"wp","href":"https:\/\/api.w.org\/{rel}","templated":true}]}}