{"id":310,"date":"2021-07-29T02:02:04","date_gmt":"2021-07-29T00:02:04","guid":{"rendered":"http:\/\/xn--hannis-brtchen-3pb.at\/?page_id=310"},"modified":"2025-02-09T10:52:08","modified_gmt":"2025-02-09T09:52:08","slug":"sonnleitner-gerhard","status":"publish","type":"page","link":"https:\/\/tmv-spital.at\/?page_id=310","title":{"rendered":"Sonnleitner Gerhard"},"content":{"rendered":"<h1 class=\"wp-block-post-title\">Sonnleitner Gerhard<\/h1>\n\n\n<p>seit 2000 beim TMV<\/p>\n\n\n\n<p class=\"has-large-font-size\"><strong>Bariton<\/strong><\/p>\n\n\n\n<div class=\"wp-block-columns\">\n<div class=\"wp-block-column\" style=\"flex-basis:66.66%\">\n<p>Hallo i bins da &#8230;&#8230;&#8230;,<br>Gerhard, vom T(MV)raumschiff!<\/p>\n\n\n\n<p>Er schafft es immer \u00f6fter, bei den Proben zu sp\u00e4t zukommen. Aber nach den Proben ist er mit dem B\u00fcffel einer der durstigsten.<\/p>\n<\/div>\n\n\n\n<div class=\"wp-block-column\" style=\"flex-basis:33.33%\">\n<div class=\"wp-block-image\"><figure class=\"aligncenter size-large is-resized\"><img src=\"https:\/\/tmv-spital.at\/wp-content\/uploads\/2025\/02\/Spital-Trachtenmusikverein-picphias-62-681x1024.jpg\" alt=\"\" class=\"wp-image-1220\" width=\"180\" srcset=\"https:\/\/tmv-spital.at\/wp-content\/uploads\/2025\/02\/Spital-Trachtenmusikverein-picphias-62-681x1024.jpg 681w, https:\/\/tmv-spital.at\/wp-content\/uploads\/2025\/02\/Spital-Trachtenmusikverein-picphias-62-200x300.jpg 200w, https:\/\/tmv-spital.at\/wp-content\/uploads\/2025\/02\/Spital-Trachtenmusikverein-picphias-62-768x1154.jpg 768w, https:\/\/tmv-spital.at\/wp-content\/uploads\/2025\/02\/Spital-Trachtenmusikverein-picphias-62-1022x1536.jpg 1022w, https:\/\/tmv-spital.at\/wp-content\/uploads\/2025\/02\/Spital-Trachtenmusikverein-picphias-62-1363x2048.jpg 1363w, https:\/\/tmv-spital.at\/wp-content\/uploads\/2025\/02\/Spital-Trachtenmusikverein-picphias-62-scaled.jpg 1703w\" sizes=\"(max-width: 681px) 100vw, 681px\" \/><\/figure><\/div>\n<\/div>\n<\/div>\n","protected":false},"excerpt":{"rendered":"<p>seit 2000 beim TMV Bariton Hallo i bins da &#8230;&#8230;&#8230;,Gerhard, vom T(MV)raumschiff! Er schafft es immer \u00f6fter, bei den Proben zu sp\u00e4t zukommen. Aber nach &hellip;<\/p>\n","protected":false},"author":1,"featured_media":0,"parent":75,"menu_order":0,"comment_status":"closed","ping_status":"closed","template":"","meta":[],"_links":{"self":[{"href":"https:\/\/tmv-spital.at\/index.php?rest_route=\/wp\/v2\/pages\/310"}],"collection":[{"href":"https:\/\/tmv-spital.at\/index.php?rest_route=\/wp\/v2\/pages"}],"about":[{"href":"https:\/\/tmv-spital.at\/index.php?rest_route=\/wp\/v2\/types\/page"}],"author":[{"embeddable":true,"href":"https:\/\/tmv-spital.at\/index.php?rest_route=\/wp\/v2\/users\/1"}],"replies":[{"embeddable":true,"href":"https:\/\/tmv-spital.at\/index.php?rest_route=%2Fwp%2Fv2%2Fcomments&post=310"}],"version-history":[{"count":2,"href":"https:\/\/tmv-spital.at\/index.php?rest_route=\/wp\/v2\/pages\/310\/revisions"}],"predecessor-version":[{"id":1222,"href":"https:\/\/tmv-spital.at\/index.php?rest_route=\/wp\/v2\/pages\/310\/revisions\/1222"}],"up":[{"embeddable":true,"href":"https:\/\/tmv-spital.at\/index.php?rest_route=\/wp\/v2\/pages\/75"}],"wp:attachment":[{"href":"https:\/\/tmv-spital.at\/index.php?rest_route=%2Fwp%2Fv2%2Fmedia&parent=310"}],"curies":[{"name":"wp","href":"https:\/\/api.w.org\/{rel}","templated":true}]}}