{"id":338,"date":"2021-07-29T02:14:32","date_gmt":"2021-07-29T00:14:32","guid":{"rendered":"http:\/\/xn--hannis-brtchen-3pb.at\/?page_id=338"},"modified":"2025-02-09T11:08:15","modified_gmt":"2025-02-09T10:08:15","slug":"perner-christoph","status":"publish","type":"page","link":"https:\/\/tmv-spital.at\/?page_id=338","title":{"rendered":"Perner Christoph"},"content":{"rendered":"<h1 class=\"wp-block-post-title\">Perner Christoph<\/h1>\n\n\n<p>seit 2006 beim TMV<\/p>\n\n\n\n<p class=\"has-large-font-size\"><strong>Schlagzeug<\/strong><\/p>\n\n\n\n<div class=\"wp-block-columns\">\n<div class=\"wp-block-column\" style=\"flex-basis:66.66%\">\n<p>Christoph ist der quirlige Drummer aber sonst sehr besch\u00e4ftigt. (angeblich hat er von den Aufbauarbeiten f\u00fcr die Konzerte ein B\u00fchnen-Trauma davongetragen).<\/p>\n<\/div>\n\n\n\n<div class=\"wp-block-column\" style=\"flex-basis:33.33%\">\n<div class=\"wp-block-image\"><figure class=\"aligncenter size-large is-resized\"><img src=\"https:\/\/tmv-spital.at\/wp-content\/uploads\/2025\/02\/Spital-Trachtenmusikverein-picphias-31-681x1024.jpg\" alt=\"\" class=\"wp-image-1241\" width=\"180\" srcset=\"https:\/\/tmv-spital.at\/wp-content\/uploads\/2025\/02\/Spital-Trachtenmusikverein-picphias-31-681x1024.jpg 681w, https:\/\/tmv-spital.at\/wp-content\/uploads\/2025\/02\/Spital-Trachtenmusikverein-picphias-31-200x300.jpg 200w, https:\/\/tmv-spital.at\/wp-content\/uploads\/2025\/02\/Spital-Trachtenmusikverein-picphias-31-768x1154.jpg 768w, https:\/\/tmv-spital.at\/wp-content\/uploads\/2025\/02\/Spital-Trachtenmusikverein-picphias-31-1022x1536.jpg 1022w, https:\/\/tmv-spital.at\/wp-content\/uploads\/2025\/02\/Spital-Trachtenmusikverein-picphias-31-1363x2048.jpg 1363w, https:\/\/tmv-spital.at\/wp-content\/uploads\/2025\/02\/Spital-Trachtenmusikverein-picphias-31-scaled.jpg 1703w\" sizes=\"(max-width: 681px) 100vw, 681px\" \/><\/figure><\/div>\n<\/div>\n<\/div>\n","protected":false},"excerpt":{"rendered":"<p>seit 2006 beim TMV Schlagzeug Christoph ist der quirlige Drummer aber sonst sehr besch\u00e4ftigt. (angeblich hat er von den Aufbauarbeiten f\u00fcr die Konzerte ein B\u00fchnen-Trauma &hellip;<\/p>\n","protected":false},"author":1,"featured_media":0,"parent":75,"menu_order":0,"comment_status":"closed","ping_status":"closed","template":"","meta":[],"_links":{"self":[{"href":"https:\/\/tmv-spital.at\/index.php?rest_route=\/wp\/v2\/pages\/338"}],"collection":[{"href":"https:\/\/tmv-spital.at\/index.php?rest_route=\/wp\/v2\/pages"}],"about":[{"href":"https:\/\/tmv-spital.at\/index.php?rest_route=\/wp\/v2\/types\/page"}],"author":[{"embeddable":true,"href":"https:\/\/tmv-spital.at\/index.php?rest_route=\/wp\/v2\/users\/1"}],"replies":[{"embeddable":true,"href":"https:\/\/tmv-spital.at\/index.php?rest_route=%2Fwp%2Fv2%2Fcomments&post=338"}],"version-history":[{"count":4,"href":"https:\/\/tmv-spital.at\/index.php?rest_route=\/wp\/v2\/pages\/338\/revisions"}],"predecessor-version":[{"id":1243,"href":"https:\/\/tmv-spital.at\/index.php?rest_route=\/wp\/v2\/pages\/338\/revisions\/1243"}],"up":[{"embeddable":true,"href":"https:\/\/tmv-spital.at\/index.php?rest_route=\/wp\/v2\/pages\/75"}],"wp:attachment":[{"href":"https:\/\/tmv-spital.at\/index.php?rest_route=%2Fwp%2Fv2%2Fmedia&parent=338"}],"curies":[{"name":"wp","href":"https:\/\/api.w.org\/{rel}","templated":true}]}}