{"id":350,"date":"2021-07-29T02:19:01","date_gmt":"2021-07-29T00:19:01","guid":{"rendered":"http:\/\/xn--hannis-brtchen-3pb.at\/?page_id=350"},"modified":"2021-07-29T02:19:01","modified_gmt":"2021-07-29T00:19:01","slug":"ster-gerald","status":"publish","type":"page","link":"https:\/\/tmv-spital.at\/?page_id=350","title":{"rendered":"Ster Gerald"},"content":{"rendered":"<h1 class=\"wp-block-post-title\">Ster Gerald<\/h1>\n\n\n<p>seit 2003 beim TMV<\/p>\n\n\n\n<p class=\"has-large-font-size\"><strong>Schlagzeug<\/strong><\/p>\n\n\n\n<div class=\"wp-block-columns\">\n<div class=\"wp-block-column\" style=\"flex-basis:66.66%\">\n<p>Er ist noch das Gegenteil von seinem Vater: Ein stiller Bursche. FALSCH! Das hat sich ge\u00e4ndert. Er \u00fcbert\u00f6nt bereits seinen Vater.<\/p>\n\n\n\n<p>Trotzdem ist er ein verl\u00e4sslicher Musiker und bei allen Verpflichtungen anwesend.<\/p>\n<\/div>\n\n\n\n<div class=\"wp-block-column\" style=\"flex-basis:33.33%\">\n<div class=\"wp-block-image is-style-default\"><figure class=\"aligncenter size-full is-resized\"><img src=\"https:\/\/tmv-spital.at\/wp-content\/uploads\/2021\/07\/Ster-Gerald.jpg\" alt=\"\" class=\"wp-image-351\" width=\"150\" srcset=\"https:\/\/tmv-spital.at\/wp-content\/uploads\/2021\/07\/Ster-Gerald.jpg 211w, https:\/\/tmv-spital.at\/wp-content\/uploads\/2021\/07\/Ster-Gerald-200x300.jpg 200w\" sizes=\"(max-width: 211px) 100vw, 211px\" \/><\/figure><\/div>\n<\/div>\n<\/div>\n","protected":false},"excerpt":{"rendered":"<p>seit 2003 beim TMV Schlagzeug Er ist noch das Gegenteil von seinem Vater: Ein stiller Bursche. FALSCH! Das hat sich ge\u00e4ndert. Er \u00fcbert\u00f6nt bereits seinen &hellip;<\/p>\n","protected":false},"author":1,"featured_media":0,"parent":75,"menu_order":0,"comment_status":"closed","ping_status":"closed","template":"","meta":[],"_links":{"self":[{"href":"https:\/\/tmv-spital.at\/index.php?rest_route=\/wp\/v2\/pages\/350"}],"collection":[{"href":"https:\/\/tmv-spital.at\/index.php?rest_route=\/wp\/v2\/pages"}],"about":[{"href":"https:\/\/tmv-spital.at\/index.php?rest_route=\/wp\/v2\/types\/page"}],"author":[{"embeddable":true,"href":"https:\/\/tmv-spital.at\/index.php?rest_route=\/wp\/v2\/users\/1"}],"replies":[{"embeddable":true,"href":"https:\/\/tmv-spital.at\/index.php?rest_route=%2Fwp%2Fv2%2Fcomments&post=350"}],"version-history":[{"count":1,"href":"https:\/\/tmv-spital.at\/index.php?rest_route=\/wp\/v2\/pages\/350\/revisions"}],"predecessor-version":[{"id":352,"href":"https:\/\/tmv-spital.at\/index.php?rest_route=\/wp\/v2\/pages\/350\/revisions\/352"}],"up":[{"embeddable":true,"href":"https:\/\/tmv-spital.at\/index.php?rest_route=\/wp\/v2\/pages\/75"}],"wp:attachment":[{"href":"https:\/\/tmv-spital.at\/index.php?rest_route=%2Fwp%2Fv2%2Fmedia&parent=350"}],"curies":[{"name":"wp","href":"https:\/\/api.w.org\/{rel}","templated":true}]}}