{"id":488,"date":"2021-10-10T17:02:05","date_gmt":"2021-10-10T15:02:05","guid":{"rendered":"https:\/\/xn--hannis-brtchen-3pb.at\/?page_id=488"},"modified":"2026-01-25T12:40:53","modified_gmt":"2026-01-25T11:40:53","slug":"unsere-kleingruppen","status":"publish","type":"page","link":"https:\/\/tmv-spital.at\/?page_id=488","title":{"rendered":"Unsere Kleingruppen"},"content":{"rendered":"\n<h1>Unsere Kleingruppen<\/h1>\n\n\n\n<h2><\/h2>\n\n\n\n<div class=\"wp-block-media-text alignwide has-media-on-the-right is-stacked-on-mobile\" style=\"grid-template-columns:auto 31%\"><figure class=\"wp-block-media-text__media\"><img loading=\"lazy\" width=\"948\" height=\"855\" src=\"https:\/\/tmv-spital.at\/wp-content\/uploads\/2025\/02\/IMG-20240810-WA0020.jpg\" alt=\"\" class=\"wp-image-1275 size-full\" srcset=\"https:\/\/tmv-spital.at\/wp-content\/uploads\/2025\/02\/IMG-20240810-WA0020.jpg 948w, https:\/\/tmv-spital.at\/wp-content\/uploads\/2025\/02\/IMG-20240810-WA0020-300x271.jpg 300w, https:\/\/tmv-spital.at\/wp-content\/uploads\/2025\/02\/IMG-20240810-WA0020-768x693.jpg 768w, https:\/\/tmv-spital.at\/wp-content\/uploads\/2025\/02\/IMG-20240810-WA0020-259x234.jpg 259w\" sizes=\"(max-width: 948px) 100vw, 948px\" \/><\/figure><div class=\"wp-block-media-text__content\">\n<p class=\"has-text-align-center has-large-font-size\"><strong>Stuhleckbradler<\/strong><\/p>\n\n\n\n<p>Die Stuhleckbradler sind die fr\u00fcheren Extremblosa. Sie sind durch die Musiker-Almwanderung entstanden, welche nun einen Fixtermin im Kalender des TMVs bildet. Auch wenn die Stuhleckbradler nach all den Jahren schon eine eingespielte Partie sind,  nehmen sie bei gewissen Ausr\u00fcckungen Jungmusiker*innen des Vereins in ihren Kreis auf, um ihnen Erfahrungen weiterzugeben.<\/p>\n\n\n\n<p class=\"has-accent-2-color has-text-color\" style=\"font-size:px\">Kontakt: Thomas Fischerlehner 0650\/6742622<\/p>\n<\/div><\/div>\n\n\n\n<h2><\/h2>\n\n\n\n<div class=\"wp-block-media-text alignwide is-stacked-on-mobile\" style=\"grid-template-columns:38% auto\"><figure class=\"wp-block-media-text__media\"><img loading=\"lazy\" width=\"1024\" height=\"469\" src=\"https:\/\/tmv-spital.at\/wp-content\/uploads\/2023\/08\/20230806_110043-1-1024x469.jpg\" alt=\"\" class=\"wp-image-1077 size-full\" srcset=\"https:\/\/tmv-spital.at\/wp-content\/uploads\/2023\/08\/20230806_110043-1-1024x469.jpg 1024w, https:\/\/tmv-spital.at\/wp-content\/uploads\/2023\/08\/20230806_110043-1-300x137.jpg 300w, https:\/\/tmv-spital.at\/wp-content\/uploads\/2023\/08\/20230806_110043-1-768x352.jpg 768w, https:\/\/tmv-spital.at\/wp-content\/uploads\/2023\/08\/20230806_110043-1-1536x703.jpg 1536w, https:\/\/tmv-spital.at\/wp-content\/uploads\/2023\/08\/20230806_110043-1-2048x938.jpg 2048w, https:\/\/tmv-spital.at\/wp-content\/uploads\/2023\/08\/20230806_110043-1-259x119.jpg 259w\" sizes=\"(max-width: 1024px) 100vw, 1024px\" \/><\/figure><div class=\"wp-block-media-text__content\">\n<p class=\"has-text-align-center has-large-font-size\"><strong>Spitaler Dorfmusi<\/strong><\/p>\n\n\n\n<p>Die fr\u00fchere Bauernmusik unterh\u00e4lt die Zuh\u00f6rer*innen mit b\u00f6hmischer Unterhaltungsmusik bei Anl\u00e4ssen wie dem j\u00e4hrlichen Kirtag oder anderen Feierlichkeiten. <\/p>\n\n\n\n<p class=\"has-accent-2-color has-text-color\"><meta charset=\"utf-8\">Kontakt: Rupert Walli 0664\/88251828<\/p>\n<\/div><\/div>\n\n\n\n<h2><\/h2>\n\n\n\n<div class=\"wp-block-media-text alignwide has-media-on-the-right is-stacked-on-mobile\" style=\"grid-template-columns:auto 38%\"><figure class=\"wp-block-media-text__media\"><img loading=\"lazy\" width=\"1024\" height=\"678\" src=\"https:\/\/tmv-spital.at\/wp-content\/uploads\/2021\/10\/SpBeetles-1024x678.jpg\" alt=\"\" class=\"wp-image-519 size-full\" srcset=\"https:\/\/tmv-spital.at\/wp-content\/uploads\/2021\/10\/SpBeetles-1024x678.jpg 1024w, https:\/\/tmv-spital.at\/wp-content\/uploads\/2021\/10\/SpBeetles-300x199.jpg 300w, https:\/\/tmv-spital.at\/wp-content\/uploads\/2021\/10\/SpBeetles-768x509.jpg 768w, https:\/\/tmv-spital.at\/wp-content\/uploads\/2021\/10\/SpBeetles-259x172.jpg 259w, https:\/\/tmv-spital.at\/wp-content\/uploads\/2021\/10\/SpBeetles.jpg 1200w\" sizes=\"(max-width: 1024px) 100vw, 1024px\" \/><\/figure><div class=\"wp-block-media-text__content\">\n<p class=\"has-text-align-center has-large-font-size\"><strong>SpBeetles<\/strong><\/p>\n\n\n\n<p>Seit Herbst 2018 gibt es die Jugendgruppe des Trachtenmusikvereins. Mit diesem Projekt soll es allen jungen Musiker*innen aus der Umgebung erm\u00f6glicht werden, das Spielen in einer Gruppe kennenzulernen. Ihr K\u00f6nnen haben die SpBeetles schon bei einigen Konzerten unseres Vereins bewiesen. <\/p>\n\n\n\n<p class=\"has-accent-2-color has-text-color\"><meta charset=\"utf-8\">Kontakt: Martin Ruschitzka 0681\/81789295<\/p>\n<\/div><\/div>\n\n\n\n<h2><\/h2>\n\n\n\n<div class=\"wp-block-media-text alignwide is-stacked-on-mobile\" style=\"grid-template-columns:36% auto\"><figure class=\"wp-block-media-text__media\"><img loading=\"lazy\" width=\"1024\" height=\"768\" src=\"https:\/\/tmv-spital.at\/wp-content\/uploads\/2021\/10\/Standing-Rocks-1024x768.jpeg\" alt=\"\" class=\"wp-image-500 size-full\" srcset=\"https:\/\/tmv-spital.at\/wp-content\/uploads\/2021\/10\/Standing-Rocks-1024x768.jpeg 1024w, https:\/\/tmv-spital.at\/wp-content\/uploads\/2021\/10\/Standing-Rocks-300x225.jpeg 300w, https:\/\/tmv-spital.at\/wp-content\/uploads\/2021\/10\/Standing-Rocks-768x576.jpeg 768w, https:\/\/tmv-spital.at\/wp-content\/uploads\/2021\/10\/Standing-Rocks-1536x1152.jpeg 1536w, https:\/\/tmv-spital.at\/wp-content\/uploads\/2021\/10\/Standing-Rocks-259x194.jpeg 259w, https:\/\/tmv-spital.at\/wp-content\/uploads\/2021\/10\/Standing-Rocks.jpeg 1600w\" sizes=\"(max-width: 1024px) 100vw, 1024px\" \/><\/figure><div class=\"wp-block-media-text__content\">\n<p class=\"has-text-align-center has-large-font-size\"><strong>Standing Rocks<\/strong><\/p>\n\n\n\n<p class=\"has-text-align-left\">Die Standing Rocks sind haupts\u00e4chlich Jungmusiker*innen aus unserem Verein. Das Repertoire des Septetts beinhaltet St\u00fccke von ABBA  \u00fcber Queen bis Billie Eilish. Die Band ist nicht nur bei Konzerten des Vereins mit Herz dabei, sondern sorgt auch bei privaten Anl\u00e4ssen f\u00fcr gute Stimmung. <\/p>\n\n\n\n<p class=\"has-accent-2-color has-text-color\"><meta charset=\"utf-8\">Kontakt: Martin Ruschitzka 0681\/81789295<\/p>\n<\/div><\/div>\n\n\n\n<h2><\/h2>\n\n\n\n<div class=\"wp-block-media-text alignwide has-media-on-the-right is-stacked-on-mobile\"><figure class=\"wp-block-media-text__media\"><\/figure><div class=\"wp-block-media-text__content\">\n<p class=\"has-text-align-center has-large-font-size\"><strong>Spitaler Quintett<\/strong><\/p>\n\n\n\n<p>Das Spitaler Quintett ist vor allem bei Begr\u00e4bnissen im Einsatz. Es ist relativ variabel und somit gibt es die unterschiedlichsten Zusammensetzungen, in welchen das Quintett spielt. <\/p>\n\n\n\n<p class=\"has-accent-2-color has-text-color\">Kontakt: Rupert Walli 0664\/88251828 <\/p>\n<\/div><\/div>\n","protected":false},"excerpt":{"rendered":"<p>Unsere Kleingruppen Stuhleckbradler Die Stuhleckbradler sind die fr\u00fcheren Extremblosa. Sie sind durch die Musiker-Almwanderung entstanden, welche nun einen Fixtermin im Kalender des TMVs bildet. Auch &hellip;<\/p>\n","protected":false},"author":1,"featured_media":0,"parent":0,"menu_order":0,"comment_status":"closed","ping_status":"closed","template":"","meta":[],"_links":{"self":[{"href":"https:\/\/tmv-spital.at\/index.php?rest_route=\/wp\/v2\/pages\/488"}],"collection":[{"href":"https:\/\/tmv-spital.at\/index.php?rest_route=\/wp\/v2\/pages"}],"about":[{"href":"https:\/\/tmv-spital.at\/index.php?rest_route=\/wp\/v2\/types\/page"}],"author":[{"embeddable":true,"href":"https:\/\/tmv-spital.at\/index.php?rest_route=\/wp\/v2\/users\/1"}],"replies":[{"embeddable":true,"href":"https:\/\/tmv-spital.at\/index.php?rest_route=%2Fwp%2Fv2%2Fcomments&post=488"}],"version-history":[{"count":30,"href":"https:\/\/tmv-spital.at\/index.php?rest_route=\/wp\/v2\/pages\/488\/revisions"}],"predecessor-version":[{"id":1658,"href":"https:\/\/tmv-spital.at\/index.php?rest_route=\/wp\/v2\/pages\/488\/revisions\/1658"}],"wp:attachment":[{"href":"https:\/\/tmv-spital.at\/index.php?rest_route=%2Fwp%2Fv2%2Fmedia&parent=488"}],"curies":[{"name":"wp","href":"https:\/\/api.w.org\/{rel}","templated":true}]}}