{"id":598,"date":"2021-10-22T15:17:06","date_gmt":"2021-10-22T13:17:06","guid":{"rendered":"https:\/\/xn--hannis-brtchen-3pb.at\/?page_id=598"},"modified":"2025-02-09T11:34:19","modified_gmt":"2025-02-09T10:34:19","slug":"boehm-lukas","status":"publish","type":"page","link":"https:\/\/tmv-spital.at\/?page_id=598","title":{"rendered":"B\u00f6hm Lukas"},"content":{"rendered":"\n<h2>B\u00f6hm Lukas<\/h2>\n\n\n\n<p>seit 2020 beim TMV<\/p>\n\n\n\n<p class=\"has-large-font-size\"><strong>Trompete<\/strong><\/p>\n\n\n\n<div class=\"wp-block-columns\">\n<div class=\"wp-block-column\" style=\"flex-basis:66.66%\">\n<p>Als einer unserer neuesten Musiker wurde unser Lukas von seinem Papa f\u00fcr den TMV begeistert. Seine Karriere beim Verein startete er bei den SpBeetles und inzwischen kann er sein K\u00f6nnen schon bei der gro\u00dfen Kapelle zeigen. <\/p>\n<\/div>\n\n\n\n<div class=\"wp-block-column\" style=\"flex-basis:33.33%\">\n<figure class=\"wp-block-image size-large is-resized\"><img loading=\"lazy\" src=\"https:\/\/tmv-spital.at\/wp-content\/uploads\/2022\/07\/Lukas.-743x1024.jpg\" alt=\"\" class=\"wp-image-906\" width=\"265\" height=\"364\" srcset=\"https:\/\/tmv-spital.at\/wp-content\/uploads\/2022\/07\/Lukas.-743x1024.jpg 743w, https:\/\/tmv-spital.at\/wp-content\/uploads\/2022\/07\/Lukas.-218x300.jpg 218w, https:\/\/tmv-spital.at\/wp-content\/uploads\/2022\/07\/Lukas.-768x1058.jpg 768w, https:\/\/tmv-spital.at\/wp-content\/uploads\/2022\/07\/Lukas.-1115x1536.jpg 1115w, https:\/\/tmv-spital.at\/wp-content\/uploads\/2022\/07\/Lukas.-1487x2048.jpg 1487w, https:\/\/tmv-spital.at\/wp-content\/uploads\/2022\/07\/Lukas.-scaled.jpg 1858w\" sizes=\"(max-width: 265px) 100vw, 265px\" \/><\/figure>\n<\/div>\n<\/div>\n","protected":false},"excerpt":{"rendered":"<p>B\u00f6hm Lukas seit 2020 beim TMV Trompete Als einer unserer neuesten Musiker wurde unser Lukas von seinem Papa f\u00fcr den TMV begeistert. Seine Karriere beim &hellip;<\/p>\n","protected":false},"author":1,"featured_media":0,"parent":0,"menu_order":0,"comment_status":"closed","ping_status":"closed","template":"","meta":[],"_links":{"self":[{"href":"https:\/\/tmv-spital.at\/index.php?rest_route=\/wp\/v2\/pages\/598"}],"collection":[{"href":"https:\/\/tmv-spital.at\/index.php?rest_route=\/wp\/v2\/pages"}],"about":[{"href":"https:\/\/tmv-spital.at\/index.php?rest_route=\/wp\/v2\/types\/page"}],"author":[{"embeddable":true,"href":"https:\/\/tmv-spital.at\/index.php?rest_route=\/wp\/v2\/users\/1"}],"replies":[{"embeddable":true,"href":"https:\/\/tmv-spital.at\/index.php?rest_route=%2Fwp%2Fv2%2Fcomments&post=598"}],"version-history":[{"count":17,"href":"https:\/\/tmv-spital.at\/index.php?rest_route=\/wp\/v2\/pages\/598\/revisions"}],"predecessor-version":[{"id":907,"href":"https:\/\/tmv-spital.at\/index.php?rest_route=\/wp\/v2\/pages\/598\/revisions\/907"}],"wp:attachment":[{"href":"https:\/\/tmv-spital.at\/index.php?rest_route=%2Fwp%2Fv2%2Fmedia&parent=598"}],"curies":[{"name":"wp","href":"https:\/\/api.w.org\/{rel}","templated":true}]}}