{"id":608,"date":"2021-10-22T15:30:28","date_gmt":"2021-10-22T13:30:28","guid":{"rendered":"https:\/\/xn--hannis-brtchen-3pb.at\/?page_id=608"},"modified":"2025-02-09T10:24:03","modified_gmt":"2025-02-09T09:24:03","slug":"perner-jakob","status":"publish","type":"page","link":"https:\/\/tmv-spital.at\/?page_id=608","title":{"rendered":"Perner Jakob"},"content":{"rendered":"\n<h2>Perner Jakob<\/h2>\n\n\n\n<p>seit 2020 beim TMV<\/p>\n\n\n\n<p class=\"has-large-font-size\"><strong>Klarinette<\/strong><\/p>\n\n\n\n<div class=\"wp-block-columns\">\n<div class=\"wp-block-column\" style=\"flex-basis:66.66%\">\n<p>Schon bei den SpBeetles zeigte unser Jakob, dass er auch alleine auf der Klarinette nicht zu stoppen ist. Nun sind wir froh, dass wir ihn als m\u00e4nnliche Verst\u00e4rkung am Holzsatz der gro\u00dfen Kapelle willkommen hei\u00dfen durften. <\/p>\n<\/div>\n\n\n\n<div class=\"wp-block-column\" style=\"flex-basis:33.33%\">\n<div class=\"wp-block-image\"><figure class=\"aligncenter size-large is-resized\"><img src=\"https:\/\/tmv-spital.at\/wp-content\/uploads\/2025\/02\/Spital-Trachtenmusikverein-picphias-45-681x1024.jpg\" alt=\"\" class=\"wp-image-1188\" width=\"180\" srcset=\"https:\/\/tmv-spital.at\/wp-content\/uploads\/2025\/02\/Spital-Trachtenmusikverein-picphias-45-681x1024.jpg 681w, https:\/\/tmv-spital.at\/wp-content\/uploads\/2025\/02\/Spital-Trachtenmusikverein-picphias-45-200x300.jpg 200w, https:\/\/tmv-spital.at\/wp-content\/uploads\/2025\/02\/Spital-Trachtenmusikverein-picphias-45-768x1154.jpg 768w, https:\/\/tmv-spital.at\/wp-content\/uploads\/2025\/02\/Spital-Trachtenmusikverein-picphias-45-1022x1536.jpg 1022w, https:\/\/tmv-spital.at\/wp-content\/uploads\/2025\/02\/Spital-Trachtenmusikverein-picphias-45-1363x2048.jpg 1363w, https:\/\/tmv-spital.at\/wp-content\/uploads\/2025\/02\/Spital-Trachtenmusikverein-picphias-45-scaled.jpg 1703w\" sizes=\"(max-width: 681px) 100vw, 681px\" \/><\/figure><\/div>\n<\/div>\n<\/div>\n","protected":false},"excerpt":{"rendered":"<p>Perner Jakob seit 2020 beim TMV Klarinette Schon bei den SpBeetles zeigte unser Jakob, dass er auch alleine auf der Klarinette nicht zu stoppen ist. &hellip;<\/p>\n","protected":false},"author":1,"featured_media":0,"parent":0,"menu_order":0,"comment_status":"closed","ping_status":"closed","template":"","meta":[],"_links":{"self":[{"href":"https:\/\/tmv-spital.at\/index.php?rest_route=\/wp\/v2\/pages\/608"}],"collection":[{"href":"https:\/\/tmv-spital.at\/index.php?rest_route=\/wp\/v2\/pages"}],"about":[{"href":"https:\/\/tmv-spital.at\/index.php?rest_route=\/wp\/v2\/types\/page"}],"author":[{"embeddable":true,"href":"https:\/\/tmv-spital.at\/index.php?rest_route=\/wp\/v2\/users\/1"}],"replies":[{"embeddable":true,"href":"https:\/\/tmv-spital.at\/index.php?rest_route=%2Fwp%2Fv2%2Fcomments&post=608"}],"version-history":[{"count":9,"href":"https:\/\/tmv-spital.at\/index.php?rest_route=\/wp\/v2\/pages\/608\/revisions"}],"predecessor-version":[{"id":1189,"href":"https:\/\/tmv-spital.at\/index.php?rest_route=\/wp\/v2\/pages\/608\/revisions\/1189"}],"wp:attachment":[{"href":"https:\/\/tmv-spital.at\/index.php?rest_route=%2Fwp%2Fv2%2Fmedia&parent=608"}],"curies":[{"name":"wp","href":"https:\/\/api.w.org\/{rel}","templated":true}]}}